{"id":2855,"date":"2019-06-17T01:23:29","date_gmt":"2019-06-17T01:23:29","guid":{"rendered":"http:\/\/www.caliset.com\/?page_id=2855"},"modified":"2020-03-22T20:24:43","modified_gmt":"2020-03-22T20:24:43","slug":"postulate","status":"publish","type":"page","link":"https:\/\/www.caliset.com\/index.php\/postulate\/","title":{"rendered":"Postulate"},"content":{"rendered":"\n<h2 class=\"wp-block-heading\">\u00bfQuieres trabajar con nosotros? Segu\u00ed las instrucciones debajo:<\/h2>\n\n\n\n<figure class=\"wp-block-image\"><img data-recalc-dims=\"1\" loading=\"lazy\" decoding=\"async\" width=\"577\" height=\"433\" src=\"https:\/\/i0.wp.com\/www.caliset.com\/wp-content\/uploads\/2019\/06\/hand-1917895_1280.png?resize=577%2C433\" alt=\"\" class=\"wp-image-2875\" srcset=\"https:\/\/i0.wp.com\/www.caliset.com\/wp-content\/uploads\/2019\/06\/hand-1917895_1280.png?w=577&amp;ssl=1 577w, https:\/\/i0.wp.com\/www.caliset.com\/wp-content\/uploads\/2019\/06\/hand-1917895_1280.png?resize=558%2C419&amp;ssl=1 558w\" sizes=\"(max-width: 577px) 100vw, 577px\" \/><\/figure>\n\n\n\n<ol class=\"wp-block-list\"><li><strong>Descarga nuestra hoja de vida adjunta<\/strong><\/li><li><strong>Imprimila<\/strong><\/li><li><strong>Completala con tu pu\u00f1o y letra<\/strong> <strong>de imprenta<\/strong> <\/li><li><strong>Escaneala y enviala a la siguiente direcci\u00f3n: info@caliset.com<\/strong><\/li><\/ol>\n\n\n\n<div class=\"wp-block-file\"><a href=\"http:\/\/www.caliset.com\/wp-content\/uploads\/2019\/06\/008-HOJA-DE-VIDA-1.pdf\">008-HOJA-DE-VIDA<\/a><a href=\"http:\/\/www.caliset.com\/wp-content\/uploads\/2019\/06\/008-HOJA-DE-VIDA-1.pdf\" class=\"wp-block-file__button\" download>Download<\/a><\/div>\n\n\n\n<p>Recomendamos adjuntar junto a tu hoja de vida en el mismo correo: una foto actual, tu Curriculum Vitae, una carta de presentaci\u00f3n, cartas de recomendaci\u00f3n de tus \u00faltimos empleos y copia de los certificados de capacitaci\u00f3n realizados que desees.<\/p>\n","protected":false},"excerpt":{"rendered":"<p>\u00bfQuieres trabajar con nosotros? Segu\u00ed las instrucciones debajo: Descarga nuestra hoja de vida adjunta Imprimila Completala con tu pu\u00f1o y letra de imprenta Escaneala y enviala a la siguiente direcci\u00f3n: info@caliset.com Recomendamos adjuntar junto a tu hoja de vida en el mismo correo: una foto actual, tu Curriculum Vitae, una carta de presentaci\u00f3n, cartas de&hellip;<\/p>\n","protected":false},"author":2,"featured_media":0,"parent":0,"menu_order":0,"comment_status":"closed","ping_status":"closed","template":"","meta":{"_acf_changed":false,"om_disable_all_campaigns":false,"_monsterinsights_skip_tracking":false,"_monsterinsights_sitenote_active":false,"_monsterinsights_sitenote_note":"","_monsterinsights_sitenote_category":0,"jetpack_post_was_ever_published":false,"footnotes":""},"class_list":["post-2855","page","type-page","status-publish","hentry"],"acf":[],"jetpack_sharing_enabled":true,"jetpack_shortlink":"https:\/\/wp.me\/PagWCy-K3","_links":{"self":[{"href":"https:\/\/www.caliset.com\/index.php\/wp-json\/wp\/v2\/pages\/2855"}],"collection":[{"href":"https:\/\/www.caliset.com\/index.php\/wp-json\/wp\/v2\/pages"}],"about":[{"href":"https:\/\/www.caliset.com\/index.php\/wp-json\/wp\/v2\/types\/page"}],"author":[{"embeddable":true,"href":"https:\/\/www.caliset.com\/index.php\/wp-json\/wp\/v2\/users\/2"}],"replies":[{"embeddable":true,"href":"https:\/\/www.caliset.com\/index.php\/wp-json\/wp\/v2\/comments?post=2855"}],"version-history":[{"count":11,"href":"https:\/\/www.caliset.com\/index.php\/wp-json\/wp\/v2\/pages\/2855\/revisions"}],"predecessor-version":[{"id":2900,"href":"https:\/\/www.caliset.com\/index.php\/wp-json\/wp\/v2\/pages\/2855\/revisions\/2900"}],"wp:attachment":[{"href":"https:\/\/www.caliset.com\/index.php\/wp-json\/wp\/v2\/media?parent=2855"}],"curies":[{"name":"wp","href":"https:\/\/api.w.org\/{rel}","templated":true}]}}